{"id":752,"date":"2011-06-19T01:03:50","date_gmt":"2011-06-18T23:03:50","guid":{"rendered":"http:\/\/metabief-equitation.fr\/?page_id=752"},"modified":"2016-02-15T18:08:38","modified_gmt":"2016-02-15T17:08:38","slug":"chevaux","status":"publish","type":"page","link":"https:\/\/metabief-equitation.fr\/?page_id=752","title":{"rendered":"Chevaux"},"content":{"rendered":"<p><img loading=\"lazy\" class=\"aligncenter size-full wp-image-753\" title=\"loulou_gaspard\" src=\"http:\/\/metabief-equitation.fr\/wp-content\/uploads\/2011\/06\/loulou_gaspard.jpg\" alt=\"\" width=\"320\" height=\"240\" srcset=\"https:\/\/metabief-equitation.fr\/wp-content\/uploads\/2011\/06\/loulou_gaspard.jpg 320w, https:\/\/metabief-equitation.fr\/wp-content\/uploads\/2011\/06\/loulou_gaspard-300x225.jpg 300w\" sizes=\"(max-width: 320px) 100vw, 320px\" \/><\/p>\n<p>&nbsp;<\/p>\n<p><span style=\"font-size: 10pt;\">La plupart de nos chevaux sont des Selles Fran\u00e7ais. La race trouve son origine dans des croisements entre juments anglo-normandes et des \u00e9talons Pur-Sang. La taille varie g\u00e9n\u00e9ralement entre 1m60 et 1m80. Les robes les plus courantes sont l&rsquo;alezan et le bai.<\/span><\/p>\n<p><span style=\"font-size: 10pt;\">\u00a0<\/span><\/p>\n<p><span style=\"font-size: 10pt;\">Sa morphologie de sportif et sa g\u00e9n\u00e9rosit\u00e9 font du Selle Fran\u00e7ais un cheval performant dans de nombreuses disciplines, notamment en concours de saut d&rsquo;obstacles et concours complet, dans lesquels on trouve d&rsquo;ailleurs de nombreux repr\u00e9sentants de la race au plus haut niveau.<\/span><\/p>\n<p><span style=\"font-size: 10pt;\">\u00a0<\/span><\/p>\n<p><span style=\"font-size: 10pt;\">D&rsquo;autre part, son calme et sa gentillesse en font un excellent cheval de balade et d&rsquo;\u00e9cole. Tr\u00e8s polyvalent, il permet donc \u00e0 tout cavalier, quels que soit son niveau et ses aspirations, de go\u00fbter aux joies de l&rsquo;\u00e9quitation.<\/span><\/p>\n<p><span style=\"font-size: 10pt;\">\u00a0<\/span><\/p>\n<p><span style=\"font-size: 10pt;\"><em><a href=\"http:\/\/metabief-equitation.fr\/?page_id=757\">Venez visiter les galeries pour d\u00e9couvrir nos chevaux !<\/a><\/em><\/span><\/p>\n<p>&nbsp;<\/p>\n","protected":false},"excerpt":{"rendered":"<p>&nbsp; La plupart de nos chevaux sont des Selles Fran\u00e7ais. La race trouve son origine dans des croisements entre juments anglo-normandes et des \u00e9talons Pur-Sang. La taille varie g\u00e9n\u00e9ralement entre 1m60 et 1m80. Les robes les plus courantes sont l&rsquo;alezan et le bai. \u00a0 Sa morphologie de sportif et sa g\u00e9n\u00e9rosit\u00e9 font du Selle Fran\u00e7ais&#8230; <\/p>\n","protected":false},"author":1,"featured_media":0,"parent":0,"menu_order":1,"comment_status":"closed","ping_status":"closed","template":"","meta":[],"yoast_head":"<!-- This site is optimized with the Yoast SEO plugin v16.8 - https:\/\/yoast.com\/wordpress\/plugins\/seo\/ -->\n<title>Chevaux - M\u00e9tabief Equitation<\/title>\n<meta name=\"robots\" content=\"index, follow, max-snippet:-1, max-image-preview:large, max-video-preview:-1\" \/>\n<link rel=\"canonical\" href=\"https:\/\/metabief-equitation.fr\/?page_id=752\" \/>\n<meta property=\"og:locale\" content=\"fr_FR\" \/>\n<meta property=\"og:type\" content=\"article\" \/>\n<meta property=\"og:title\" content=\"Chevaux - M\u00e9tabief Equitation\" \/>\n<meta property=\"og:description\" content=\"&nbsp; La plupart de nos chevaux sont des Selles Fran\u00e7ais. La race trouve son origine dans des croisements entre juments anglo-normandes et des \u00e9talons Pur-Sang. La taille varie g\u00e9n\u00e9ralement entre 1m60 et 1m80. Les robes les plus courantes sont l&rsquo;alezan et le bai. \u00a0 Sa morphologie de sportif et sa g\u00e9n\u00e9rosit\u00e9 font du Selle Fran\u00e7ais...\" \/>\n<meta property=\"og:url\" content=\"https:\/\/metabief-equitation.fr\/?page_id=752\" \/>\n<meta property=\"og:site_name\" content=\"M\u00e9tabief Equitation\" \/>\n<meta property=\"article:modified_time\" content=\"2016-02-15T17:08:38+00:00\" \/>\n<meta property=\"og:image\" content=\"http:\/\/metabief-equitation.fr\/wp-content\/uploads\/2011\/06\/loulou_gaspard.jpg\" \/>\n<meta name=\"twitter:card\" content=\"summary\" \/>\n<meta name=\"twitter:label1\" content=\"Dur\u00e9e de lecture est.\" \/>\n\t<meta name=\"twitter:data1\" content=\"1 minute\" \/>\n<script type=\"application\/ld+json\" class=\"yoast-schema-graph\">{\"@context\":\"https:\/\/schema.org\",\"@graph\":[{\"@type\":\"WebSite\",\"@id\":\"http:\/\/metabief-equitation.fr\/#website\",\"url\":\"http:\/\/metabief-equitation.fr\/\",\"name\":\"M\\u00e9tabief Equitation\",\"description\":\"Man\\u00e8ge du Mont d&#039;Or\",\"potentialAction\":[{\"@type\":\"SearchAction\",\"target\":{\"@type\":\"EntryPoint\",\"urlTemplate\":\"http:\/\/metabief-equitation.fr\/?s={search_term_string}\"},\"query-input\":\"required name=search_term_string\"}],\"inLanguage\":\"fr-FR\"},{\"@type\":\"ImageObject\",\"@id\":\"https:\/\/metabief-equitation.fr\/?page_id=752#primaryimage\",\"inLanguage\":\"fr-FR\",\"url\":\"http:\/\/metabief-equitation.fr\/wp-content\/uploads\/2011\/06\/loulou_gaspard.jpg\",\"contentUrl\":\"http:\/\/metabief-equitation.fr\/wp-content\/uploads\/2011\/06\/loulou_gaspard.jpg\"},{\"@type\":\"WebPage\",\"@id\":\"https:\/\/metabief-equitation.fr\/?page_id=752#webpage\",\"url\":\"https:\/\/metabief-equitation.fr\/?page_id=752\",\"name\":\"Chevaux - M\\u00e9tabief Equitation\",\"isPartOf\":{\"@id\":\"http:\/\/metabief-equitation.fr\/#website\"},\"primaryImageOfPage\":{\"@id\":\"https:\/\/metabief-equitation.fr\/?page_id=752#primaryimage\"},\"datePublished\":\"2011-06-18T23:03:50+00:00\",\"dateModified\":\"2016-02-15T17:08:38+00:00\",\"breadcrumb\":{\"@id\":\"https:\/\/metabief-equitation.fr\/?page_id=752#breadcrumb\"},\"inLanguage\":\"fr-FR\",\"potentialAction\":[{\"@type\":\"ReadAction\",\"target\":[\"https:\/\/metabief-equitation.fr\/?page_id=752\"]}]},{\"@type\":\"BreadcrumbList\",\"@id\":\"https:\/\/metabief-equitation.fr\/?page_id=752#breadcrumb\",\"itemListElement\":[{\"@type\":\"ListItem\",\"position\":1,\"name\":\"Chevaux\"}]}]}<\/script>\n<!-- \/ Yoast SEO plugin. -->","yoast_head_json":{"title":"Chevaux - M\u00e9tabief Equitation","robots":{"index":"index","follow":"follow","max-snippet":"max-snippet:-1","max-image-preview":"max-image-preview:large","max-video-preview":"max-video-preview:-1"},"canonical":"https:\/\/metabief-equitation.fr\/?page_id=752","og_locale":"fr_FR","og_type":"article","og_title":"Chevaux - M\u00e9tabief Equitation","og_description":"&nbsp; La plupart de nos chevaux sont des Selles Fran\u00e7ais. La race trouve son origine dans des croisements entre juments anglo-normandes et des \u00e9talons Pur-Sang. La taille varie g\u00e9n\u00e9ralement entre 1m60 et 1m80. Les robes les plus courantes sont l&rsquo;alezan et le bai. \u00a0 Sa morphologie de sportif et sa g\u00e9n\u00e9rosit\u00e9 font du Selle Fran\u00e7ais...","og_url":"https:\/\/metabief-equitation.fr\/?page_id=752","og_site_name":"M\u00e9tabief Equitation","article_modified_time":"2016-02-15T17:08:38+00:00","og_image":[{"url":"http:\/\/metabief-equitation.fr\/wp-content\/uploads\/2011\/06\/loulou_gaspard.jpg"}],"twitter_card":"summary","twitter_misc":{"Dur\u00e9e de lecture est.":"1 minute"},"schema":{"@context":"https:\/\/schema.org","@graph":[{"@type":"WebSite","@id":"http:\/\/metabief-equitation.fr\/#website","url":"http:\/\/metabief-equitation.fr\/","name":"M\u00e9tabief Equitation","description":"Man\u00e8ge du Mont d&#039;Or","potentialAction":[{"@type":"SearchAction","target":{"@type":"EntryPoint","urlTemplate":"http:\/\/metabief-equitation.fr\/?s={search_term_string}"},"query-input":"required name=search_term_string"}],"inLanguage":"fr-FR"},{"@type":"ImageObject","@id":"https:\/\/metabief-equitation.fr\/?page_id=752#primaryimage","inLanguage":"fr-FR","url":"http:\/\/metabief-equitation.fr\/wp-content\/uploads\/2011\/06\/loulou_gaspard.jpg","contentUrl":"http:\/\/metabief-equitation.fr\/wp-content\/uploads\/2011\/06\/loulou_gaspard.jpg"},{"@type":"WebPage","@id":"https:\/\/metabief-equitation.fr\/?page_id=752#webpage","url":"https:\/\/metabief-equitation.fr\/?page_id=752","name":"Chevaux - M\u00e9tabief Equitation","isPartOf":{"@id":"http:\/\/metabief-equitation.fr\/#website"},"primaryImageOfPage":{"@id":"https:\/\/metabief-equitation.fr\/?page_id=752#primaryimage"},"datePublished":"2011-06-18T23:03:50+00:00","dateModified":"2016-02-15T17:08:38+00:00","breadcrumb":{"@id":"https:\/\/metabief-equitation.fr\/?page_id=752#breadcrumb"},"inLanguage":"fr-FR","potentialAction":[{"@type":"ReadAction","target":["https:\/\/metabief-equitation.fr\/?page_id=752"]}]},{"@type":"BreadcrumbList","@id":"https:\/\/metabief-equitation.fr\/?page_id=752#breadcrumb","itemListElement":[{"@type":"ListItem","position":1,"name":"Chevaux"}]}]}},"_links":{"self":[{"href":"https:\/\/metabief-equitation.fr\/index.php?rest_route=\/wp\/v2\/pages\/752"}],"collection":[{"href":"https:\/\/metabief-equitation.fr\/index.php?rest_route=\/wp\/v2\/pages"}],"about":[{"href":"https:\/\/metabief-equitation.fr\/index.php?rest_route=\/wp\/v2\/types\/page"}],"author":[{"embeddable":true,"href":"https:\/\/metabief-equitation.fr\/index.php?rest_route=\/wp\/v2\/users\/1"}],"replies":[{"embeddable":true,"href":"https:\/\/metabief-equitation.fr\/index.php?rest_route=%2Fwp%2Fv2%2Fcomments&post=752"}],"version-history":[{"count":0,"href":"https:\/\/metabief-equitation.fr\/index.php?rest_route=\/wp\/v2\/pages\/752\/revisions"}],"wp:attachment":[{"href":"https:\/\/metabief-equitation.fr\/index.php?rest_route=%2Fwp%2Fv2%2Fmedia&parent=752"}],"curies":[{"name":"wp","href":"https:\/\/api.w.org\/{rel}","templated":true}]}}