{"id":1666,"date":"2016-02-12T21:58:53","date_gmt":"2016-02-12T20:58:53","guid":{"rendered":"http:\/\/metabief-equitation.fr\/?page_id=1666"},"modified":"2016-02-12T22:03:56","modified_gmt":"2016-02-12T21:03:56","slug":"mentions-legales","status":"publish","type":"page","link":"https:\/\/metabief-equitation.fr\/?page_id=1666","title":{"rendered":"Mentions L\u00e9gales"},"content":{"rendered":"<p>&nbsp;<\/p>\n<h2>Identit\u00e9 :<\/h2>\n<p>Le site metabief-equitation.fr est \u00e9dit\u00e9 par la soci\u00e9t\u00e9 EARL METABIEF EQUITATION, Entreprise Agricole \u00e0 Responsabilit\u00e9 Limit\u00e9e, immatricul\u00e9e au Registre du Commerce et des Soci\u00e9t\u00e9s de Besan\u00e7on sous le num\u00e9ro SIRET :510 031 83400011<\/p>\n<p>\u00a0<\/p>\n<p> <strong>Adresse du si\u00e8ge social :<\/strong><\/p>\n<p>Man\u00e8ge du Mont d&rsquo;Or<br \/> 25370 METABIEF<\/p>\n<p> <strong>Directeur de la publication<\/strong> : Christine TINGUELY<\/p>\n<p> <strong>Contact :<\/strong><\/p>\n<p>La soci\u00e9t\u00e9 est joignable par e-mail \u00e0 <a href=\"mailto:contact@metabief-equitation.fr\" target=\"_blank\">contact@metabief-equitation.fr<\/a>, ou par t\u00e9l\u00e9phone au 03 81 49 23 61.<\/p>\n<p>&nbsp;<\/p>\n<h2>H\u00e9bergement :<\/h2>\n<p>Nom et adresse de l&rsquo;h\u00e9bergeur :<\/p>\n<p><strong>OVH SAS<\/strong><\/p>\n<p>2 rue Kellermann &#8211; 59100 Roubaix &#8211; France.<\/p>\n","protected":false},"excerpt":{"rendered":"<p>&nbsp; Identit\u00e9 : Le site metabief-equitation.fr est \u00e9dit\u00e9 par la soci\u00e9t\u00e9 EARL METABIEF EQUITATION, Entreprise Agricole \u00e0 Responsabilit\u00e9 Limit\u00e9e, immatricul\u00e9e au Registre du Commerce et des Soci\u00e9t\u00e9s de Besan\u00e7on sous le num\u00e9ro SIRET :510 031 83400011 \u00a0 Adresse du si\u00e8ge social : Man\u00e8ge du Mont d&rsquo;Or 25370 METABIEF Directeur de la publication : Christine TINGUELY&#8230; <\/p>\n","protected":false},"author":1,"featured_media":0,"parent":0,"menu_order":0,"comment_status":"closed","ping_status":"closed","template":"","meta":[],"yoast_head":"<!-- This site is optimized with the Yoast SEO plugin v16.8 - https:\/\/yoast.com\/wordpress\/plugins\/seo\/ -->\n<title>Mentions L\u00e9gales - M\u00e9tabief Equitation<\/title>\n<meta name=\"robots\" content=\"index, follow, max-snippet:-1, max-image-preview:large, max-video-preview:-1\" \/>\n<link rel=\"canonical\" href=\"http:\/\/metabief-equitation.fr\/?page_id=1666\" \/>\n<meta property=\"og:locale\" content=\"fr_FR\" \/>\n<meta property=\"og:type\" content=\"article\" \/>\n<meta property=\"og:title\" content=\"Mentions L\u00e9gales - M\u00e9tabief Equitation\" \/>\n<meta property=\"og:description\" content=\"&nbsp; Identit\u00e9 : Le site metabief-equitation.fr est \u00e9dit\u00e9 par la soci\u00e9t\u00e9 EARL METABIEF EQUITATION, Entreprise Agricole \u00e0 Responsabilit\u00e9 Limit\u00e9e, immatricul\u00e9e au Registre du Commerce et des Soci\u00e9t\u00e9s de Besan\u00e7on sous le num\u00e9ro SIRET :510 031 83400011 \u00a0 Adresse du si\u00e8ge social : Man\u00e8ge du Mont d&rsquo;Or 25370 METABIEF Directeur de la publication : Christine TINGUELY...\" \/>\n<meta property=\"og:url\" content=\"http:\/\/metabief-equitation.fr\/?page_id=1666\" \/>\n<meta property=\"og:site_name\" content=\"M\u00e9tabief Equitation\" \/>\n<meta property=\"article:modified_time\" content=\"2016-02-12T21:03:56+00:00\" \/>\n<meta name=\"twitter:card\" content=\"summary\" \/>\n<script type=\"application\/ld+json\" class=\"yoast-schema-graph\">{\"@context\":\"https:\/\/schema.org\",\"@graph\":[{\"@type\":\"WebSite\",\"@id\":\"http:\/\/metabief-equitation.fr\/#website\",\"url\":\"http:\/\/metabief-equitation.fr\/\",\"name\":\"M\\u00e9tabief Equitation\",\"description\":\"Man\\u00e8ge du Mont d&#039;Or\",\"potentialAction\":[{\"@type\":\"SearchAction\",\"target\":{\"@type\":\"EntryPoint\",\"urlTemplate\":\"http:\/\/metabief-equitation.fr\/?s={search_term_string}\"},\"query-input\":\"required name=search_term_string\"}],\"inLanguage\":\"fr-FR\"},{\"@type\":\"WebPage\",\"@id\":\"http:\/\/metabief-equitation.fr\/?page_id=1666#webpage\",\"url\":\"http:\/\/metabief-equitation.fr\/?page_id=1666\",\"name\":\"Mentions L\\u00e9gales - M\\u00e9tabief Equitation\",\"isPartOf\":{\"@id\":\"http:\/\/metabief-equitation.fr\/#website\"},\"datePublished\":\"2016-02-12T20:58:53+00:00\",\"dateModified\":\"2016-02-12T21:03:56+00:00\",\"breadcrumb\":{\"@id\":\"http:\/\/metabief-equitation.fr\/?page_id=1666#breadcrumb\"},\"inLanguage\":\"fr-FR\",\"potentialAction\":[{\"@type\":\"ReadAction\",\"target\":[\"http:\/\/metabief-equitation.fr\/?page_id=1666\"]}]},{\"@type\":\"BreadcrumbList\",\"@id\":\"http:\/\/metabief-equitation.fr\/?page_id=1666#breadcrumb\",\"itemListElement\":[{\"@type\":\"ListItem\",\"position\":1,\"name\":\"Mentions L\\u00e9gales\"}]}]}<\/script>\n<!-- \/ Yoast SEO plugin. -->","yoast_head_json":{"title":"Mentions L\u00e9gales - M\u00e9tabief Equitation","robots":{"index":"index","follow":"follow","max-snippet":"max-snippet:-1","max-image-preview":"max-image-preview:large","max-video-preview":"max-video-preview:-1"},"canonical":"http:\/\/metabief-equitation.fr\/?page_id=1666","og_locale":"fr_FR","og_type":"article","og_title":"Mentions L\u00e9gales - M\u00e9tabief Equitation","og_description":"&nbsp; Identit\u00e9 : Le site metabief-equitation.fr est \u00e9dit\u00e9 par la soci\u00e9t\u00e9 EARL METABIEF EQUITATION, Entreprise Agricole \u00e0 Responsabilit\u00e9 Limit\u00e9e, immatricul\u00e9e au Registre du Commerce et des Soci\u00e9t\u00e9s de Besan\u00e7on sous le num\u00e9ro SIRET :510 031 83400011 \u00a0 Adresse du si\u00e8ge social : Man\u00e8ge du Mont d&rsquo;Or 25370 METABIEF Directeur de la publication : Christine TINGUELY...","og_url":"http:\/\/metabief-equitation.fr\/?page_id=1666","og_site_name":"M\u00e9tabief Equitation","article_modified_time":"2016-02-12T21:03:56+00:00","twitter_card":"summary","schema":{"@context":"https:\/\/schema.org","@graph":[{"@type":"WebSite","@id":"http:\/\/metabief-equitation.fr\/#website","url":"http:\/\/metabief-equitation.fr\/","name":"M\u00e9tabief Equitation","description":"Man\u00e8ge du Mont d&#039;Or","potentialAction":[{"@type":"SearchAction","target":{"@type":"EntryPoint","urlTemplate":"http:\/\/metabief-equitation.fr\/?s={search_term_string}"},"query-input":"required name=search_term_string"}],"inLanguage":"fr-FR"},{"@type":"WebPage","@id":"http:\/\/metabief-equitation.fr\/?page_id=1666#webpage","url":"http:\/\/metabief-equitation.fr\/?page_id=1666","name":"Mentions L\u00e9gales - M\u00e9tabief Equitation","isPartOf":{"@id":"http:\/\/metabief-equitation.fr\/#website"},"datePublished":"2016-02-12T20:58:53+00:00","dateModified":"2016-02-12T21:03:56+00:00","breadcrumb":{"@id":"http:\/\/metabief-equitation.fr\/?page_id=1666#breadcrumb"},"inLanguage":"fr-FR","potentialAction":[{"@type":"ReadAction","target":["http:\/\/metabief-equitation.fr\/?page_id=1666"]}]},{"@type":"BreadcrumbList","@id":"http:\/\/metabief-equitation.fr\/?page_id=1666#breadcrumb","itemListElement":[{"@type":"ListItem","position":1,"name":"Mentions L\u00e9gales"}]}]}},"_links":{"self":[{"href":"https:\/\/metabief-equitation.fr\/index.php?rest_route=\/wp\/v2\/pages\/1666"}],"collection":[{"href":"https:\/\/metabief-equitation.fr\/index.php?rest_route=\/wp\/v2\/pages"}],"about":[{"href":"https:\/\/metabief-equitation.fr\/index.php?rest_route=\/wp\/v2\/types\/page"}],"author":[{"embeddable":true,"href":"https:\/\/metabief-equitation.fr\/index.php?rest_route=\/wp\/v2\/users\/1"}],"replies":[{"embeddable":true,"href":"https:\/\/metabief-equitation.fr\/index.php?rest_route=%2Fwp%2Fv2%2Fcomments&post=1666"}],"version-history":[{"count":0,"href":"https:\/\/metabief-equitation.fr\/index.php?rest_route=\/wp\/v2\/pages\/1666\/revisions"}],"wp:attachment":[{"href":"https:\/\/metabief-equitation.fr\/index.php?rest_route=%2Fwp%2Fv2%2Fmedia&parent=1666"}],"curies":[{"name":"wp","href":"https:\/\/api.w.org\/{rel}","templated":true}]}}