{"id":137,"date":"2015-11-07T23:07:52","date_gmt":"2015-11-07T22:07:52","guid":{"rendered":"http:\/\/metabief-equitation.fr\/wordpress\/index.php\/activites\/equipe\/"},"modified":"2015-11-07T23:07:52","modified_gmt":"2015-11-07T22:07:52","slug":"equipe","status":"publish","type":"page","link":"http:\/\/metabief-equitation.fr\/?page_id=137","title":{"rendered":"\u00e9quipe"},"content":{"rendered":"<div class=\"foogallery foogallery-container foogallery-default foogallery-lightbox-foobox-free fg-gutter-10 fg-center fg-default fg-light fg-border-thin fg-shadow-small fg-loading-default fg-loaded-fade-in fg-hover-fade fg-hover-zoom fg-ready\" id=\"foogallery-gallery-138\" data-foogallery=\"{&quot;item&quot;:{&quot;showCaptionTitle&quot;:false,&quot;showCaptionDescription&quot;:false},&quot;lazy&quot;:true}\" >\r\n\t<div class=\"fg-item fg-type-image fg-idle\"><figure class=\"fg-item-inner\"><a href=\"http:\/\/metabief-equitation.fr\/wp-content\/uploads\/2015\/11\/moniteurs3-1.jpg\" data-attachment-id=\"140\" class=\"fg-thumb\"><span class=\"fg-image-wrap\"><img width=\"620\" height=\"434\" class=\"skip-lazy fg-image\" data-src-fg=\"http:\/\/metabief-equitation.fr\/wp-content\/uploads\/2015\/11\/moniteurs3-1.jpg\" src=\"data:image\/svg+xml,%3Csvg%20xmlns%3D%22http%3A%2F%2Fwww.w3.org%2F2000%2Fsvg%22%20width%3D%22620%22%20height%3D%22434%22%20viewBox%3D%220%200%20620%20434%22%3E%3C%2Fsvg%3E\" \/><\/span><span class=\"fg-image-overlay\"><\/span><\/a><figcaption class=\"fg-caption\"><div class=\"fg-caption-inner\"><\/div><\/figcaption><\/figure><div class=\"fg-loader\"><\/div><\/div><\/div>\r\n\n<p style=\"text-align: center;\">\n<h1 style=\"text-align: center;\">Vos moniteurs :<\/h1>\n\t\t\t<style>\r\n                #foogallery-gallery-142.fg-simple_portfolio {\r\n                    justify-content: center;\r\n                }\r\n                #foogallery-gallery-142.fg-simple_portfolio .fg-item {\r\n                    flex-basis: 250px;\r\n                    margin: 5px;\r\n                }\r\n\t\t\t<\/style>\r\n\t\t\t<div class=\"foogallery foogallery-container foogallery-simple_portfolio foogallery-lightbox-foobox-free fg-simple_portfolio fg-light fg-loading-default fg-loaded-fade-in fg-ready fg-caption-always\" id=\"foogallery-gallery-142\" data-foogallery=\"{&quot;item&quot;:{&quot;showCaptionTitle&quot;:true,&quot;showCaptionDescription&quot;:true},&quot;lazy&quot;:true}\" >\r\n\t<div class=\"fg-item fg-type-image fg-idle\"><figure class=\"fg-item-inner\"><a href=\"http:\/\/metabief-equitation.fr\/wp-content\/uploads\/2015\/11\/benoit3-1.jpg\" data-caption-title=\"Beno\u00eet TINGUELY\" data-caption-desc=\"BEES1 dipl\u00f4m\u00e9 \u00e0 Saumur en 1987\" data-attachment-id=\"143\" class=\"foogallery-thumb  fg-thumb\"><span class=\"fg-image-wrap\"><img title=\"Beno\u00eet TINGUELY\" class=\"bf-img skip-lazy fg-image\" height=\"200\" width=\"250\" data-src-fg=\"http:\/\/metabief-equitation.fr\/wp-content\/uploads\/cache\/2015\/11\/benoit3-1\/832607972.jpg\" src=\"data:image\/svg+xml,%3Csvg%20xmlns%3D%22http%3A%2F%2Fwww.w3.org%2F2000%2Fsvg%22%20width%3D%22250%22%20height%3D%22200%22%20viewBox%3D%220%200%20250%20200%22%3E%3C%2Fsvg%3E\" \/><\/span><span class=\"fg-image-overlay\"><\/span><\/a><figcaption class=\"fg-caption\"><div class=\"fg-caption-inner\"><div class=\"fg-caption-title\">Beno\u00eet TINGUELY<\/div><div class=\"fg-caption-desc\">BEES1 dipl\u00f4m\u00e9 \u00e0 Saumur en 1987<\/div><\/div><\/figcaption><\/figure><div class=\"fg-loader\"><\/div><\/div><div class=\"fg-item fg-type-image fg-idle\"><figure class=\"fg-item-inner\"><a href=\"http:\/\/metabief-equitation.fr\/wp-content\/uploads\/2015\/11\/amandine3-1.jpg\" data-caption-title=\"Amandine TINGUELY\" data-caption-desc=\"BEES 1 dipl\u00f4m\u00e9e \u00e0 Valentigney en 2005\" data-attachment-id=\"144\" class=\"foogallery-thumb  fg-thumb\"><span class=\"fg-image-wrap\"><img title=\"Amandine TINGUELY\" class=\"bf-img skip-lazy fg-image\" height=\"200\" width=\"250\" data-src-fg=\"http:\/\/metabief-equitation.fr\/wp-content\/uploads\/cache\/2015\/11\/amandine3-1\/1308542058.jpg\" src=\"data:image\/svg+xml,%3Csvg%20xmlns%3D%22http%3A%2F%2Fwww.w3.org%2F2000%2Fsvg%22%20width%3D%22250%22%20height%3D%22200%22%20viewBox%3D%220%200%20250%20200%22%3E%3C%2Fsvg%3E\" \/><\/span><span class=\"fg-image-overlay\"><\/span><\/a><figcaption class=\"fg-caption\"><div class=\"fg-caption-inner\"><div class=\"fg-caption-title\">Amandine TINGUELY<\/div><div class=\"fg-caption-desc\">BEES 1 dipl\u00f4m\u00e9e \u00e0 Valentigney en 2005<\/div><\/div><\/figcaption><\/figure><div class=\"fg-loader\"><\/div><\/div><\/div><style type=\"text\/css\">#foogallery-gallery-142{\nbox-shadow: 0 1px 5px rgba(0, 0, 0, 0.5);\nbackground-color: white;\npadding-top: 10px;\nwidth: auto;}\n<\/style>\n<p style=\"text-align: center;\">\n","protected":false},"excerpt":{"rendered":"<p>Vos moniteurs :<\/p>\n","protected":false},"author":1,"featured_media":0,"parent":98,"menu_order":1,"comment_status":"closed","ping_status":"closed","template":"","meta":[],"yoast_head":"<!-- This site is optimized with the Yoast SEO plugin v16.8 - https:\/\/yoast.com\/wordpress\/plugins\/seo\/ -->\n<title>\u00e9quipe - M\u00e9tabief Equitation<\/title>\n<meta name=\"robots\" content=\"index, follow, max-snippet:-1, max-image-preview:large, max-video-preview:-1\" \/>\n<link rel=\"canonical\" href=\"http:\/\/metabief-equitation.fr\/?page_id=137\" \/>\n<meta property=\"og:locale\" content=\"fr_FR\" \/>\n<meta property=\"og:type\" content=\"article\" \/>\n<meta property=\"og:title\" content=\"\u00e9quipe - M\u00e9tabief Equitation\" \/>\n<meta property=\"og:description\" content=\"Vos moniteurs :\" \/>\n<meta property=\"og:url\" content=\"http:\/\/metabief-equitation.fr\/?page_id=137\" \/>\n<meta property=\"og:site_name\" content=\"M\u00e9tabief Equitation\" \/>\n<meta name=\"twitter:card\" content=\"summary\" \/>\n<script type=\"application\/ld+json\" class=\"yoast-schema-graph\">{\"@context\":\"https:\/\/schema.org\",\"@graph\":[{\"@type\":\"WebSite\",\"@id\":\"http:\/\/metabief-equitation.fr\/#website\",\"url\":\"http:\/\/metabief-equitation.fr\/\",\"name\":\"M\\u00e9tabief Equitation\",\"description\":\"Man\\u00e8ge du Mont d&#039;Or\",\"potentialAction\":[{\"@type\":\"SearchAction\",\"target\":{\"@type\":\"EntryPoint\",\"urlTemplate\":\"http:\/\/metabief-equitation.fr\/?s={search_term_string}\"},\"query-input\":\"required name=search_term_string\"}],\"inLanguage\":\"fr-FR\"},{\"@type\":\"WebPage\",\"@id\":\"http:\/\/metabief-equitation.fr\/?page_id=137#webpage\",\"url\":\"http:\/\/metabief-equitation.fr\/?page_id=137\",\"name\":\"\\u00e9quipe - M\\u00e9tabief Equitation\",\"isPartOf\":{\"@id\":\"http:\/\/metabief-equitation.fr\/#website\"},\"datePublished\":\"2015-11-07T22:07:52+00:00\",\"dateModified\":\"2015-11-07T22:07:52+00:00\",\"breadcrumb\":{\"@id\":\"http:\/\/metabief-equitation.fr\/?page_id=137#breadcrumb\"},\"inLanguage\":\"fr-FR\",\"potentialAction\":[{\"@type\":\"ReadAction\",\"target\":[\"http:\/\/metabief-equitation.fr\/?page_id=137\"]}]},{\"@type\":\"BreadcrumbList\",\"@id\":\"http:\/\/metabief-equitation.fr\/?page_id=137#breadcrumb\",\"itemListElement\":[{\"@type\":\"ListItem\",\"position\":1,\"name\":\"Activit\\u00e9s\",\"item\":\"http:\/\/metabief-equitation.fr\/?page_id=98\"},{\"@type\":\"ListItem\",\"position\":2,\"name\":\"\\u00e9quipe\"}]}]}<\/script>\n<!-- \/ Yoast SEO plugin. -->","yoast_head_json":{"title":"\u00e9quipe - M\u00e9tabief Equitation","robots":{"index":"index","follow":"follow","max-snippet":"max-snippet:-1","max-image-preview":"max-image-preview:large","max-video-preview":"max-video-preview:-1"},"canonical":"http:\/\/metabief-equitation.fr\/?page_id=137","og_locale":"fr_FR","og_type":"article","og_title":"\u00e9quipe - M\u00e9tabief Equitation","og_description":"Vos moniteurs :","og_url":"http:\/\/metabief-equitation.fr\/?page_id=137","og_site_name":"M\u00e9tabief Equitation","twitter_card":"summary","schema":{"@context":"https:\/\/schema.org","@graph":[{"@type":"WebSite","@id":"http:\/\/metabief-equitation.fr\/#website","url":"http:\/\/metabief-equitation.fr\/","name":"M\u00e9tabief Equitation","description":"Man\u00e8ge du Mont d&#039;Or","potentialAction":[{"@type":"SearchAction","target":{"@type":"EntryPoint","urlTemplate":"http:\/\/metabief-equitation.fr\/?s={search_term_string}"},"query-input":"required name=search_term_string"}],"inLanguage":"fr-FR"},{"@type":"WebPage","@id":"http:\/\/metabief-equitation.fr\/?page_id=137#webpage","url":"http:\/\/metabief-equitation.fr\/?page_id=137","name":"\u00e9quipe - M\u00e9tabief Equitation","isPartOf":{"@id":"http:\/\/metabief-equitation.fr\/#website"},"datePublished":"2015-11-07T22:07:52+00:00","dateModified":"2015-11-07T22:07:52+00:00","breadcrumb":{"@id":"http:\/\/metabief-equitation.fr\/?page_id=137#breadcrumb"},"inLanguage":"fr-FR","potentialAction":[{"@type":"ReadAction","target":["http:\/\/metabief-equitation.fr\/?page_id=137"]}]},{"@type":"BreadcrumbList","@id":"http:\/\/metabief-equitation.fr\/?page_id=137#breadcrumb","itemListElement":[{"@type":"ListItem","position":1,"name":"Activit\u00e9s","item":"http:\/\/metabief-equitation.fr\/?page_id=98"},{"@type":"ListItem","position":2,"name":"\u00e9quipe"}]}]}},"_links":{"self":[{"href":"http:\/\/metabief-equitation.fr\/index.php?rest_route=\/wp\/v2\/pages\/137"}],"collection":[{"href":"http:\/\/metabief-equitation.fr\/index.php?rest_route=\/wp\/v2\/pages"}],"about":[{"href":"http:\/\/metabief-equitation.fr\/index.php?rest_route=\/wp\/v2\/types\/page"}],"author":[{"embeddable":true,"href":"http:\/\/metabief-equitation.fr\/index.php?rest_route=\/wp\/v2\/users\/1"}],"replies":[{"embeddable":true,"href":"http:\/\/metabief-equitation.fr\/index.php?rest_route=%2Fwp%2Fv2%2Fcomments&post=137"}],"version-history":[{"count":0,"href":"http:\/\/metabief-equitation.fr\/index.php?rest_route=\/wp\/v2\/pages\/137\/revisions"}],"up":[{"embeddable":true,"href":"http:\/\/metabief-equitation.fr\/index.php?rest_route=\/wp\/v2\/pages\/98"}],"wp:attachment":[{"href":"http:\/\/metabief-equitation.fr\/index.php?rest_route=%2Fwp%2Fv2%2Fmedia&parent=137"}],"curies":[{"name":"wp","href":"https:\/\/api.w.org\/{rel}","templated":true}]}}