{"id":117,"date":"2015-11-07T22:04:35","date_gmt":"2015-11-07T21:04:35","guid":{"rendered":"http:\/\/metabief-equitation.fr\/wordpress\/?page_id=117"},"modified":"2015-11-07T22:04:35","modified_gmt":"2015-11-07T21:04:35","slug":"localisation-2","status":"publish","type":"page","link":"http:\/\/metabief-equitation.fr\/?page_id=117","title":{"rendered":"Localisation"},"content":{"rendered":"<p><span style=\"color: #000000;\">Nous sommes situ\u00e9s \u00e0 M\u00e9tabief (25370) au c\u0153ur du haut-Doubs, \u00e0 25 minutes de Pontarlier et 20 minutes de Vallorbe :<\/span><\/p>\n<p>&nbsp;<\/p>\n<p><iframe loading=\"lazy\" style=\"border: 0;\" src=\"https:\/\/www.google.com\/maps\/embed?pb=!1m17!1m11!1m3!1d2538.3816912553743!2d6.346716989288587!3d46.76339634920088!2m2!1f0!2f0!3m2!1i1024!2i768!4f13.1!3m3!1m2!1s0x0000000000000000%3A0xe6f74250e7b5c0f8!2sM%C3%A9tabief+Equitation!5e1!3m2!1sfr!2sus!4v1446930178469\" width=\"800\" height=\"600\" frameborder=\"0\" allowfullscreen=\"allowfullscreen\"><\/iframe><\/p>\n","protected":false},"excerpt":{"rendered":"<p>Nous sommes situ\u00e9s \u00e0 M\u00e9tabief (25370) au c\u0153ur du haut-Doubs, \u00e0 25 minutes de Pontarlier et 20 minutes de Vallorbe : &nbsp;<\/p>\n","protected":false},"author":1,"featured_media":0,"parent":0,"menu_order":3,"comment_status":"closed","ping_status":"closed","template":"","meta":[],"yoast_head":"<!-- This site is optimized with the Yoast SEO plugin v16.8 - https:\/\/yoast.com\/wordpress\/plugins\/seo\/ -->\n<title>Localisation - M\u00e9tabief Equitation<\/title>\n<meta name=\"robots\" content=\"index, follow, max-snippet:-1, max-image-preview:large, max-video-preview:-1\" \/>\n<link rel=\"canonical\" href=\"https:\/\/metabief-equitation.fr\/?page_id=117\" \/>\n<meta property=\"og:locale\" content=\"fr_FR\" \/>\n<meta property=\"og:type\" content=\"article\" \/>\n<meta property=\"og:title\" content=\"Localisation - M\u00e9tabief Equitation\" \/>\n<meta property=\"og:description\" content=\"Nous sommes situ\u00e9s \u00e0 M\u00e9tabief (25370) au c\u0153ur du haut-Doubs, \u00e0 25 minutes de Pontarlier et 20 minutes de Vallorbe : &nbsp;\" \/>\n<meta property=\"og:url\" content=\"https:\/\/metabief-equitation.fr\/?page_id=117\" \/>\n<meta property=\"og:site_name\" content=\"M\u00e9tabief Equitation\" \/>\n<meta name=\"twitter:card\" content=\"summary\" \/>\n<script type=\"application\/ld+json\" class=\"yoast-schema-graph\">{\"@context\":\"https:\/\/schema.org\",\"@graph\":[{\"@type\":\"WebSite\",\"@id\":\"http:\/\/metabief-equitation.fr\/#website\",\"url\":\"http:\/\/metabief-equitation.fr\/\",\"name\":\"M\\u00e9tabief Equitation\",\"description\":\"Man\\u00e8ge du Mont d&#039;Or\",\"potentialAction\":[{\"@type\":\"SearchAction\",\"target\":{\"@type\":\"EntryPoint\",\"urlTemplate\":\"http:\/\/metabief-equitation.fr\/?s={search_term_string}\"},\"query-input\":\"required name=search_term_string\"}],\"inLanguage\":\"fr-FR\"},{\"@type\":\"WebPage\",\"@id\":\"https:\/\/metabief-equitation.fr\/?page_id=117#webpage\",\"url\":\"https:\/\/metabief-equitation.fr\/?page_id=117\",\"name\":\"Localisation - M\\u00e9tabief Equitation\",\"isPartOf\":{\"@id\":\"http:\/\/metabief-equitation.fr\/#website\"},\"datePublished\":\"2015-11-07T21:04:35+00:00\",\"dateModified\":\"2015-11-07T21:04:35+00:00\",\"breadcrumb\":{\"@id\":\"https:\/\/metabief-equitation.fr\/?page_id=117#breadcrumb\"},\"inLanguage\":\"fr-FR\",\"potentialAction\":[{\"@type\":\"ReadAction\",\"target\":[\"https:\/\/metabief-equitation.fr\/?page_id=117\"]}]},{\"@type\":\"BreadcrumbList\",\"@id\":\"https:\/\/metabief-equitation.fr\/?page_id=117#breadcrumb\",\"itemListElement\":[{\"@type\":\"ListItem\",\"position\":1,\"name\":\"Localisation\"}]}]}<\/script>\n<!-- \/ Yoast SEO plugin. -->","yoast_head_json":{"title":"Localisation - M\u00e9tabief Equitation","robots":{"index":"index","follow":"follow","max-snippet":"max-snippet:-1","max-image-preview":"max-image-preview:large","max-video-preview":"max-video-preview:-1"},"canonical":"https:\/\/metabief-equitation.fr\/?page_id=117","og_locale":"fr_FR","og_type":"article","og_title":"Localisation - M\u00e9tabief Equitation","og_description":"Nous sommes situ\u00e9s \u00e0 M\u00e9tabief (25370) au c\u0153ur du haut-Doubs, \u00e0 25 minutes de Pontarlier et 20 minutes de Vallorbe : &nbsp;","og_url":"https:\/\/metabief-equitation.fr\/?page_id=117","og_site_name":"M\u00e9tabief Equitation","twitter_card":"summary","schema":{"@context":"https:\/\/schema.org","@graph":[{"@type":"WebSite","@id":"http:\/\/metabief-equitation.fr\/#website","url":"http:\/\/metabief-equitation.fr\/","name":"M\u00e9tabief Equitation","description":"Man\u00e8ge du Mont d&#039;Or","potentialAction":[{"@type":"SearchAction","target":{"@type":"EntryPoint","urlTemplate":"http:\/\/metabief-equitation.fr\/?s={search_term_string}"},"query-input":"required name=search_term_string"}],"inLanguage":"fr-FR"},{"@type":"WebPage","@id":"https:\/\/metabief-equitation.fr\/?page_id=117#webpage","url":"https:\/\/metabief-equitation.fr\/?page_id=117","name":"Localisation - M\u00e9tabief Equitation","isPartOf":{"@id":"http:\/\/metabief-equitation.fr\/#website"},"datePublished":"2015-11-07T21:04:35+00:00","dateModified":"2015-11-07T21:04:35+00:00","breadcrumb":{"@id":"https:\/\/metabief-equitation.fr\/?page_id=117#breadcrumb"},"inLanguage":"fr-FR","potentialAction":[{"@type":"ReadAction","target":["https:\/\/metabief-equitation.fr\/?page_id=117"]}]},{"@type":"BreadcrumbList","@id":"https:\/\/metabief-equitation.fr\/?page_id=117#breadcrumb","itemListElement":[{"@type":"ListItem","position":1,"name":"Localisation"}]}]}},"_links":{"self":[{"href":"http:\/\/metabief-equitation.fr\/index.php?rest_route=\/wp\/v2\/pages\/117"}],"collection":[{"href":"http:\/\/metabief-equitation.fr\/index.php?rest_route=\/wp\/v2\/pages"}],"about":[{"href":"http:\/\/metabief-equitation.fr\/index.php?rest_route=\/wp\/v2\/types\/page"}],"author":[{"embeddable":true,"href":"http:\/\/metabief-equitation.fr\/index.php?rest_route=\/wp\/v2\/users\/1"}],"replies":[{"embeddable":true,"href":"http:\/\/metabief-equitation.fr\/index.php?rest_route=%2Fwp%2Fv2%2Fcomments&post=117"}],"version-history":[{"count":0,"href":"http:\/\/metabief-equitation.fr\/index.php?rest_route=\/wp\/v2\/pages\/117\/revisions"}],"wp:attachment":[{"href":"http:\/\/metabief-equitation.fr\/index.php?rest_route=%2Fwp%2Fv2%2Fmedia&parent=117"}],"curies":[{"name":"wp","href":"https:\/\/api.w.org\/{rel}","templated":true}]}}